{"id":11,"date":"2026-01-08T19:40:25","date_gmt":"2026-01-08T19:40:25","guid":{"rendered":"https:\/\/pymecontadores.com\/?page_id=11"},"modified":"2026-01-08T21:32:40","modified_gmt":"2026-01-08T21:32:40","slug":"inicio","status":"publish","type":"page","link":"https:\/\/pymecontadores.com\/","title":{"rendered":"Inicio"},"content":{"rendered":"\n<div class=\"wp-block-cover alignfull\" style=\"min-height:720px;aspect-ratio:unset;\"><span aria-hidden=\"true\" class=\"wp-block-cover__background has-background-dim-100 has-background-dim has-background-gradient\" style=\"background:linear-gradient(353deg,rgb(255,254,254) 0%,rgb(152,184,228) 40%,rgb(31,150,255) 100%)\"><\/span><div class=\"wp-block-cover__inner-container is-layout-flow wp-block-cover-is-layout-flow\">\n<div class=\"inherit-container-width wp-block-group alignwide is-layout-constrained wp-block-group-is-layout-constrained\">\n<div class=\"wp-block-media-text alignwide has-media-on-the-right is-stacked-on-mobile is-vertically-aligned-center\" style=\"grid-template-columns:auto 43%\"><div class=\"wp-block-media-text__content\">\n<h1 class=\"wp-block-heading has-text-align-left has-white-color has-text-color\" id=\"nosotros\">P\u00e9rez Montero, S.C.<\/h1>\n\n\n\n<p class=\"has-white-color has-text-color\">Es una firma de contadores p\u00fablicos, fundada en la ciudad de Quer\u00e9taro en el a\u00f1o 2009. Los socios de la Firma, la C.P. Graciela Montero Gonz\u00e1lez y el C.P. Marco Antonio P\u00e9rez Flores, contamos con m\u00e1s de 30 a\u00f1os de experiencia en la pr\u00e1ctica contable, fiscal y de asesor\u00eda en diversos temas financieros y de negocios.<\/p>\n<\/div><figure class=\"wp-block-media-text__media\"><img loading=\"lazy\" decoding=\"async\" width=\"360\" height=\"392\" src=\"https:\/\/pymecontadores.com\/wp-content\/uploads\/2026\/01\/n1.jpg\" alt=\"\" class=\"wp-image-25 size-full\" srcset=\"https:\/\/pymecontadores.com\/wp-content\/uploads\/2026\/01\/n1.jpg 360w, https:\/\/pymecontadores.com\/wp-content\/uploads\/2026\/01\/n1-276x300.jpg 276w\" sizes=\"auto, (max-width: 360px) 100vw, 360px\" \/><\/figure><\/div>\n<\/div>\n<\/div><\/div>\n\n\n\n<div style=\"height:100px\" aria-hidden=\"true\" class=\"wp-block-spacer\"><\/div>\n\n\n\n<h2 class=\"wp-block-heading has-text-align-left has-vivid-cyan-blue-color has-text-color\">Tenemos dos objetivos b\u00e1sicos.<\/h2>\n\n\n\n<ol class=\"wp-block-list\">\n<li>Entender las necesidades de nuestros clientes. De esta manera nos aseguramos de nuesros servicios satisfacen requerimientos espec\u00edficos de informaci\u00f3n financiera y adem\u00e1s agrega valor al negocio de nuestro cliente.<\/li>\n\n\n\n<li>Ofrecer esquemas eficientes y estandarizados de operaci\u00f3n en materia contable y fiscal para dae tranquilidad a nuestros clientes de que su informaci\u00f3n financiera es confiable y servir\u00e1 para apoyar la toma de decisiones y de que sus obligaciones fiscales est\u00e1n al corriente y libres de contingencias.<\/li>\n\n\n\n<li>La principal ventaja competitiva de nuestra Firma es que nuestros clientes no solo reciben el servicio contable y fiscal que requieren sino que adem\u00e1s ganan a un socio de negocios que apoya con acciones tangibles su crecimiento.<\/li>\n<\/ol>\n\n\n\n<div style=\"height:100px\" aria-hidden=\"true\" class=\"wp-block-spacer\"><\/div>\n\n\n\n<div class=\"wp-block-cover alignfull\" style=\"min-height:720px;aspect-ratio:unset;\" id=\"servicios\"><span aria-hidden=\"true\" class=\"wp-block-cover__background has-background-dim-100 has-background-dim has-background-gradient\" style=\"background:linear-gradient(353deg,rgb(193,228,250) 1%,rgb(152,184,228) 40%,rgb(31,150,255) 100%)\"><\/span><div class=\"wp-block-cover__inner-container is-layout-flow wp-block-cover-is-layout-flow\">\n<div class=\"inherit-container-width wp-block-group alignwide is-layout-constrained wp-block-group-is-layout-constrained\">\n<div class=\"wp-block-media-text alignwide has-media-on-the-right is-stacked-on-mobile is-vertically-aligned-center\" style=\"grid-template-columns:auto 43%\"><div class=\"wp-block-media-text__content\">\n<h4 class=\"wp-block-heading has-ast-global-color-5-color has-text-color has-link-color wp-elements-381ad838f69e5bc982c4343eaefc4dcf\" style=\"padding-right:40px\">En materia contable y fiscal le brindamos los siguientes servicios:<\/h4>\n\n\n\n<p class=\"has-white-color has-text-color\">CONTABILIDAD E IMPUESTOS PARA PERSONAS MORALES Y FISICAS.<\/p>\n\n\n\n<ul class=\"wp-block-list\">\n<li>Procesamos contablemente tu informaci\u00f3n y te entregamos los reportes financieros que necesitas para apoyar la toma de decisiones en tu negocio.<\/li>\n\n\n\n<li>Presentamos tus declaraciones de impuestos ya sea mensuales, anuales e informativas de acuerdo con las obligaciones que tengas registradas ante el SAT.<\/li>\n\n\n\n<li>Realizamos tr\u00e1mites, gestiones y aclaraciones ante IMSS, SAT y autoridades fiscales federales y locales.<\/li>\n\n\n\n<li>Atendemos auditor\u00edas, visitas domiciliarias o revisiones de gabinete por parte de las autoridades fiscales.<\/li>\n\n\n\n<li>Procesamos tu n\u00f3mina.<\/li>\n<\/ul>\n\n\n\n<p class=\"has-ast-global-color-5-color has-text-color has-link-color wp-elements-649896e47c9efc72424c98fe6ef36d4f\">EN MATERIA DE ASESOR\u00cdA FINANCIERA Y DE NEGOCIOS.:<\/p>\n\n\n\n<p class=\"has-ast-global-color-5-color has-text-color has-link-color wp-elements-d2e6909ac42ecd3664f1c2a127cd114b\">Te ayudamos a desarrollar un plan de negocios con base en un sistema de control presupuestal. Te ayudamos a evaluar el negocio que piensas iniciar para mejorar tus posibilidades de permanecer en operaci\u00f3n de manera sustentable. Te apoyamos para evaluar la rentabilidad de tu negocio, identificamos \u00e1reas de oportunidad y sugerimos acciones concretas para mejorar tus utilidades.<\/p>\n<\/div><figure class=\"wp-block-media-text__media\"><img loading=\"lazy\" decoding=\"async\" width=\"366\" height=\"434\" src=\"https:\/\/pymecontadores.com\/wp-content\/uploads\/2026\/01\/captura-de-pantalla-2018-01-05-a-las-45750-pm.jpg\" alt=\"\" class=\"wp-image-31 size-full\" srcset=\"https:\/\/pymecontadores.com\/wp-content\/uploads\/2026\/01\/captura-de-pantalla-2018-01-05-a-las-45750-pm.jpg 366w, https:\/\/pymecontadores.com\/wp-content\/uploads\/2026\/01\/captura-de-pantalla-2018-01-05-a-las-45750-pm-253x300.jpg 253w\" sizes=\"auto, (max-width: 366px) 100vw, 366px\" \/><\/figure><\/div>\n<\/div>\n<\/div><\/div>\n\n\n\n<div class=\"wp-block-group alignfull is-layout-constrained wp-container-core-group-is-layout-3fee123f wp-block-group-is-layout-constrained\" id=\"valores\" style=\"padding-top:144px;padding-bottom:144px\">\n<h2 class=\"wp-block-heading\">Valores<\/h2>\n\n\n\n<div class=\"wp-block-columns is-layout-flex wp-container-core-columns-is-layout-29aadeec wp-block-columns-is-layout-flex\" style=\"margin-top:60px\">\n<div class=\"wp-block-column is-layout-flow wp-container-core-column-is-layout-6b73ce23 wp-block-column-is-layout-flow\">\n<figure class=\"wp-block-image size-full is-resized\"><img loading=\"lazy\" decoding=\"async\" width=\"418\" height=\"417\" src=\"https:\/\/pymecontadores.com\/wp-content\/uploads\/2026\/01\/1_Mesa-de-trabajo-1.png\" alt=\"\" class=\"wp-image-40\" style=\"aspect-ratio:1.0024732069249793;width:81px;height:auto\" srcset=\"https:\/\/pymecontadores.com\/wp-content\/uploads\/2026\/01\/1_Mesa-de-trabajo-1.png 418w, https:\/\/pymecontadores.com\/wp-content\/uploads\/2026\/01\/1_Mesa-de-trabajo-1-300x300.png 300w, https:\/\/pymecontadores.com\/wp-content\/uploads\/2026\/01\/1_Mesa-de-trabajo-1-150x150.png 150w\" sizes=\"auto, (max-width: 418px) 100vw, 418px\" \/><\/figure>\n\n\n\n<h3 class=\"wp-block-heading\" style=\"margin-top:16px\">\u00c9TICA:<\/h3>\n\n\n\n<p>Nos apegamos siempre al &#8216;deber ser&#8217; bajo los principios fundamentales de la moral individual y social.<\/p>\n<\/div>\n\n\n\n<div class=\"wp-block-column is-layout-flow wp-container-core-column-is-layout-6b73ce23 wp-block-column-is-layout-flow\">\n<figure class=\"wp-block-image size-full is-resized\"><img loading=\"lazy\" decoding=\"async\" width=\"418\" height=\"417\" src=\"https:\/\/pymecontadores.com\/wp-content\/uploads\/2026\/01\/2_Mesa-de-trabajo-1.png\" alt=\"\" class=\"wp-image-41\" style=\"width:90px;height:auto\" srcset=\"https:\/\/pymecontadores.com\/wp-content\/uploads\/2026\/01\/2_Mesa-de-trabajo-1.png 418w, https:\/\/pymecontadores.com\/wp-content\/uploads\/2026\/01\/2_Mesa-de-trabajo-1-300x300.png 300w, https:\/\/pymecontadores.com\/wp-content\/uploads\/2026\/01\/2_Mesa-de-trabajo-1-150x150.png 150w\" sizes=\"auto, (max-width: 418px) 100vw, 418px\" \/><\/figure>\n\n\n\n<h3 class=\"wp-block-heading\" style=\"margin-top:16px\">CONFIABILIDAD:<\/h3>\n\n\n\n<p>Es una condici\u00f3n b\u00e1sica de lealtad al cliente que le permita tener la seguridad de que la informaci\u00f3n que nos proporciona es manejada con absoluta discreci\u00f3n.<\/p>\n<\/div>\n<\/div>\n\n\n\n<div class=\"wp-block-columns is-layout-flex wp-container-core-columns-is-layout-29aadeec wp-block-columns-is-layout-flex\" style=\"margin-top:60px\">\n<div class=\"wp-block-column is-layout-flow wp-container-core-column-is-layout-6b73ce23 wp-block-column-is-layout-flow\">\n<figure class=\"wp-block-image size-full is-resized\"><img loading=\"lazy\" decoding=\"async\" width=\"418\" height=\"417\" src=\"https:\/\/pymecontadores.com\/wp-content\/uploads\/2026\/01\/3_Mesa-de-trabajo-1.png\" alt=\"\" class=\"wp-image-42\" style=\"width:99px;height:auto\" srcset=\"https:\/\/pymecontadores.com\/wp-content\/uploads\/2026\/01\/3_Mesa-de-trabajo-1.png 418w, https:\/\/pymecontadores.com\/wp-content\/uploads\/2026\/01\/3_Mesa-de-trabajo-1-300x300.png 300w, https:\/\/pymecontadores.com\/wp-content\/uploads\/2026\/01\/3_Mesa-de-trabajo-1-150x150.png 150w\" sizes=\"auto, (max-width: 418px) 100vw, 418px\" \/><\/figure>\n\n\n\n<h3 class=\"wp-block-heading\" style=\"margin-top:16px\">RESPONSABILIDAD PROFESIONAL.<\/h3>\n\n\n\n<p>Nuestro grupo de profesionistas est\u00e1n comprometidos a orientar y asesorar al cliente, siempre respetando las leyes actuales que rigen al sector empresarial.<\/p>\n<\/div>\n\n\n\n<div class=\"wp-block-column is-layout-flow wp-container-core-column-is-layout-6b73ce23 wp-block-column-is-layout-flow\">\n<figure class=\"wp-block-image size-full is-resized\"><img loading=\"lazy\" decoding=\"async\" width=\"418\" height=\"417\" src=\"https:\/\/pymecontadores.com\/wp-content\/uploads\/2026\/01\/4_Mesa-de-trabajo-1.png\" alt=\"\" class=\"wp-image-43\" style=\"width:94px;height:auto\" srcset=\"https:\/\/pymecontadores.com\/wp-content\/uploads\/2026\/01\/4_Mesa-de-trabajo-1.png 418w, https:\/\/pymecontadores.com\/wp-content\/uploads\/2026\/01\/4_Mesa-de-trabajo-1-300x300.png 300w, https:\/\/pymecontadores.com\/wp-content\/uploads\/2026\/01\/4_Mesa-de-trabajo-1-150x150.png 150w\" sizes=\"auto, (max-width: 418px) 100vw, 418px\" \/><\/figure>\n\n\n\n<h3 class=\"wp-block-heading\" style=\"margin-top:16px\">CALIDAD DE SERVICIO:<\/h3>\n\n\n\n<p>Nuestro Capital Humano se capacita y actualiza en forma permanente en lo profesional y en formaci\u00f3n humana, flexible, honesta y activa.<\/p>\n<\/div>\n<\/div>\n<\/div>\n\n\n\n<div class=\"wp-block-group alignfull has-background is-layout-constrained wp-container-core-group-is-layout-cfcca693 wp-block-group-is-layout-constrained\" id=\"contact\" style=\"background:linear-gradient(356deg,rgb(255,245,203) 0%,rgb(182,227,212) 50%,rgb(51,137,181) 99%);padding-top:104px;padding-bottom:104px\">\n<h3 class=\"wp-block-heading has-text-align-center has-text-color\" style=\"color:#ffffff\">Ponemos a su disposici\u00f3n el nustras direcci\u00f3n u numero de contacto:<\/h3>\n\n\n\n<p class=\"has-text-align-center has-ast-global-color-5-color has-text-color has-link-color wp-elements-3ac518c68b42c96d91d90b1d06b06b52\">AV. CORREGIDORA NORTE #302, LOCAL 24, PLAZA ASU\u00c1N, COL. LA LABORCILLA, QUERETARO, QRO.<\/p>\n\n\n\n<p class=\"has-text-align-center has-ast-global-color-5-color has-text-color has-link-color wp-elements-031d271208e3d3982733b1e92aac2641\">TEL. (442) 246 05 48<\/p>\n\n\n\n<iframe src=\"https:\/\/www.google.com\/maps\/embed?pb=!1m18!1m12!1m3!1d286.1643470764749!2d-100.38817477529037!3d20.613849990769218!2m3!1f0!2f0!3f0!3m2!1i1024!2i768!4f13.1!3m3!1m2!1s0x85d35b18a32972d3%3A0xb18bdd1ed7702f19!2sPlaza%20Asuan!5e1!3m2!1ses!2sus!4v1767903977452!5m2!1ses!2sus\" width=\"400\" height=\"300\" style=\"border:0; display:block; margin:auto;\" allowfullscreen=\"\" loading=\"lazy\" referrerpolicy=\"no-referrer-when-downgrade\"><\/iframe>\n<\/div>\n\n\n\n<p><\/p>\n","protected":false},"excerpt":{"rendered":"<p>Tenemos dos objetivos b\u00e1sicos. Valores \u00c9TICA: Nos apegamos siempre al &#8216;deber ser&#8217; bajo los principios fundamentales de la moral individual [&hellip;]<\/p>\n","protected":false},"author":1,"featured_media":0,"parent":0,"menu_order":0,"comment_status":"closed","ping_status":"closed","template":"","meta":{"site-sidebar-layout":"no-sidebar","site-content-layout":"plain-container","ast-site-content-layout":"default","site-content-style":"default","site-sidebar-style":"default","ast-global-header-display":"","ast-banner-title-visibility":"","ast-main-header-display":"","ast-hfb-above-header-display":"","ast-hfb-below-header-display":"","ast-hfb-mobile-header-display":"","site-post-title":"disabled","ast-breadcrumbs-content":"","ast-featured-img":"","footer-sml-layout":"","ast-disable-related-posts":"","theme-transparent-header-meta":"enabled","adv-header-id-meta":"","stick-header-meta":"","header-above-stick-meta":"","header-main-stick-meta":"","header-below-stick-meta":"","astra-migrate-meta-layouts":"default","ast-page-background-enabled":"default","ast-page-background-meta":{"desktop":{"background-color":"var(--ast-global-color-5)","background-image":"","background-repeat":"repeat","background-position":"center center","background-size":"auto","background-attachment":"scroll","background-type":"","background-media":"","overlay-type":"","overlay-color":"","overlay-opacity":"","overlay-gradient":""},"tablet":{"background-color":"","background-image":"","background-repeat":"repeat","background-position":"center center","background-size":"auto","background-attachment":"scroll","background-type":"","background-media":"","overlay-type":"","overlay-color":"","overlay-opacity":"","overlay-gradient":""},"mobile":{"background-color":"","background-image":"","background-repeat":"repeat","background-position":"center center","background-size":"auto","background-attachment":"scroll","background-type":"","background-media":"","overlay-type":"","overlay-color":"","overlay-opacity":"","overlay-gradient":""}},"ast-content-background-meta":{"desktop":{"background-color":"var(--ast-global-color-4)","background-image":"","background-repeat":"repeat","background-position":"center center","background-size":"auto","background-attachment":"scroll","background-type":"","background-media":"","overlay-type":"","overlay-color":"","overlay-opacity":"","overlay-gradient":""},"tablet":{"background-color":"var(--ast-global-color-4)","background-image":"","background-repeat":"repeat","background-position":"center center","background-size":"auto","background-attachment":"scroll","background-type":"","background-media":"","overlay-type":"","overlay-color":"","overlay-opacity":"","overlay-gradient":""},"mobile":{"background-color":"var(--ast-global-color-4)","background-image":"","background-repeat":"repeat","background-position":"center center","background-size":"auto","background-attachment":"scroll","background-type":"","background-media":"","overlay-type":"","overlay-color":"","overlay-opacity":"","overlay-gradient":""}},"footnotes":""},"class_list":["post-11","page","type-page","status-publish","hentry"],"_links":{"self":[{"href":"https:\/\/pymecontadores.com\/index.php\/wp-json\/wp\/v2\/pages\/11","targetHints":{"allow":["GET"]}}],"collection":[{"href":"https:\/\/pymecontadores.com\/index.php\/wp-json\/wp\/v2\/pages"}],"about":[{"href":"https:\/\/pymecontadores.com\/index.php\/wp-json\/wp\/v2\/types\/page"}],"author":[{"embeddable":true,"href":"https:\/\/pymecontadores.com\/index.php\/wp-json\/wp\/v2\/users\/1"}],"replies":[{"embeddable":true,"href":"https:\/\/pymecontadores.com\/index.php\/wp-json\/wp\/v2\/comments?post=11"}],"version-history":[{"count":10,"href":"https:\/\/pymecontadores.com\/index.php\/wp-json\/wp\/v2\/pages\/11\/revisions"}],"predecessor-version":[{"id":47,"href":"https:\/\/pymecontadores.com\/index.php\/wp-json\/wp\/v2\/pages\/11\/revisions\/47"}],"wp:attachment":[{"href":"https:\/\/pymecontadores.com\/index.php\/wp-json\/wp\/v2\/media?parent=11"}],"curies":[{"name":"wp","href":"https:\/\/api.w.org\/{rel}","templated":true}]}}